{"id":17309,"date":"2024-04-11T15:33:04","date_gmt":"2024-04-11T15:33:04","guid":{"rendered":"https:\/\/www.human-study.org\/unterstuetzen-sie-uns\/"},"modified":"2025-09-09T17:06:43","modified_gmt":"2025-09-09T17:06:43","slug":"unterstuetzen-sie-uns","status":"publish","type":"page","link":"https:\/\/www.human-study.org\/de\/unterstuetzen-sie-uns\/","title":{"rendered":"UNTERST\u00dcTZEN"},"content":{"rendered":"","protected":false},"excerpt":{"rendered":"","protected":false},"author":2,"featured_media":0,"parent":0,"menu_order":0,"comment_status":"closed","ping_status":"closed","template":"","meta":{"footnotes":""},"class_list":["post-17309","page","type-page","status-publish","hentry"],"yoast_head":"<!-- This site is optimized with the Yoast SEO plugin v26.1.1 - https:\/\/yoast.com\/wordpress\/plugins\/seo\/ -->\n<title>UNTERST\u00dcTZEN - Human Study e.V.<\/title>\n<meta name=\"description\" content=\"Wie Sie Human Study durch eine Spende, eine ehrenamtliche T\u00e4tigkeit oder eine Partnerschaft mit uns \u00fcber das Sepp Heim Funding Program unterst\u00fctzen k\u00f6nnen.\" \/>\n<meta name=\"robots\" content=\"index, follow, max-snippet:-1, max-image-preview:large, max-video-preview:-1\" \/>\n<link rel=\"canonical\" href=\"https:\/\/www.human-study.org\/de\/unterstuetzen-sie-uns\/\" \/>\n<meta property=\"og:locale\" content=\"de_DE\" \/>\n<meta property=\"og:type\" content=\"article\" \/>\n<meta property=\"og:title\" content=\"UNTERST\u00dcTZEN - Human Study e.V.\" \/>\n<meta property=\"og:description\" content=\"Wie Sie Human Study durch eine Spende, eine ehrenamtliche T\u00e4tigkeit oder eine Partnerschaft mit uns \u00fcber das Sepp Heim Funding Program unterst\u00fctzen k\u00f6nnen.\" \/>\n<meta property=\"og:url\" content=\"https:\/\/www.human-study.org\/de\/unterstuetzen-sie-uns\/\" \/>\n<meta property=\"og:site_name\" content=\"Human Study e.V.\" \/>\n<meta property=\"article:publisher\" content=\"https:\/\/www.facebook.com\/humanstudyev\/\" \/>\n<meta property=\"article:modified_time\" content=\"2025-09-09T17:06:43+00:00\" \/>\n<meta name=\"twitter:card\" content=\"summary_large_image\" \/>\n<script type=\"application\/ld+json\" class=\"yoast-schema-graph\">{\"@context\":\"https:\/\/schema.org\",\"@graph\":[{\"@type\":\"WebPage\",\"@id\":\"https:\/\/www.human-study.org\/de\/unterstuetzen-sie-uns\/\",\"url\":\"https:\/\/www.human-study.org\/de\/unterstuetzen-sie-uns\/\",\"name\":\"UNTERST\u00dcTZEN - Human Study e.V.\",\"isPartOf\":{\"@id\":\"https:\/\/www.human-study.org\/de\/#website\"},\"datePublished\":\"2024-04-11T15:33:04+00:00\",\"dateModified\":\"2025-09-09T17:06:43+00:00\",\"description\":\"Wie Sie Human Study durch eine Spende, eine ehrenamtliche T\u00e4tigkeit oder eine Partnerschaft mit uns \u00fcber das Sepp Heim Funding Program unterst\u00fctzen k\u00f6nnen.\",\"breadcrumb\":{\"@id\":\"https:\/\/www.human-study.org\/de\/unterstuetzen-sie-uns\/#breadcrumb\"},\"inLanguage\":\"de\",\"potentialAction\":[{\"@type\":\"ReadAction\",\"target\":[\"https:\/\/www.human-study.org\/de\/unterstuetzen-sie-uns\/\"]}]},{\"@type\":\"BreadcrumbList\",\"@id\":\"https:\/\/www.human-study.org\/de\/unterstuetzen-sie-uns\/#breadcrumb\",\"itemListElement\":[{\"@type\":\"ListItem\",\"position\":1,\"name\":\"Startseite\",\"item\":\"https:\/\/www.human-study.org\/de\/wissen-fuer-ein-besseres-leben\/\"},{\"@type\":\"ListItem\",\"position\":2,\"name\":\"UNTERST\u00dcTZEN\"}]},{\"@type\":\"WebSite\",\"@id\":\"https:\/\/www.human-study.org\/de\/#website\",\"url\":\"https:\/\/www.human-study.org\/de\/\",\"name\":\"Human Study e.V.\",\"description\":\"WISSEN, DAS LEBEN VER\u00c4NDERT\",\"publisher\":{\"@id\":\"https:\/\/www.human-study.org\/de\/#organization\"},\"alternateName\":\"HS\",\"potentialAction\":[{\"@type\":\"SearchAction\",\"target\":{\"@type\":\"EntryPoint\",\"urlTemplate\":\"https:\/\/www.human-study.org\/de\/?s={search_term_string}\"},\"query-input\":{\"@type\":\"PropertyValueSpecification\",\"valueRequired\":true,\"valueName\":\"search_term_string\"}}],\"inLanguage\":\"de\"},{\"@type\":\"Organization\",\"@id\":\"https:\/\/www.human-study.org\/de\/#organization\",\"name\":\"Human Study e.V.\",\"alternateName\":\"HS\",\"url\":\"https:\/\/www.human-study.org\/de\/\",\"logo\":{\"@type\":\"ImageObject\",\"inLanguage\":\"de\",\"@id\":\"https:\/\/www.human-study.org\/de\/#\/schema\/logo\/image\/\",\"url\":\"https:\/\/www.human-study.org\/wp-content\/uploads\/2024\/07\/HS-LOGO-RGB-300dpi-1-e1721379350427.jpg\",\"contentUrl\":\"https:\/\/www.human-study.org\/wp-content\/uploads\/2024\/07\/HS-LOGO-RGB-300dpi-1-e1721379350427.jpg\",\"width\":1128,\"height\":549,\"caption\":\"Human Study e.V.\"},\"image\":{\"@id\":\"https:\/\/www.human-study.org\/de\/#\/schema\/logo\/image\/\"},\"sameAs\":[\"https:\/\/www.facebook.com\/humanstudyev\/\",\"https:\/\/www.youtube.com\/@Human-studyOrg\"]}]}<\/script>\n<!-- \/ Yoast SEO plugin. -->","yoast_head_json":{"title":"UNTERST\u00dcTZEN - Human Study e.V.","description":"Wie Sie Human Study durch eine Spende, eine ehrenamtliche T\u00e4tigkeit oder eine Partnerschaft mit uns \u00fcber das Sepp Heim Funding Program unterst\u00fctzen k\u00f6nnen.","robots":{"index":"index","follow":"follow","max-snippet":"max-snippet:-1","max-image-preview":"max-image-preview:large","max-video-preview":"max-video-preview:-1"},"canonical":"https:\/\/www.human-study.org\/de\/unterstuetzen-sie-uns\/","og_locale":"de_DE","og_type":"article","og_title":"UNTERST\u00dcTZEN - Human Study e.V.","og_description":"Wie Sie Human Study durch eine Spende, eine ehrenamtliche T\u00e4tigkeit oder eine Partnerschaft mit uns \u00fcber das Sepp Heim Funding Program unterst\u00fctzen k\u00f6nnen.","og_url":"https:\/\/www.human-study.org\/de\/unterstuetzen-sie-uns\/","og_site_name":"Human Study e.V.","article_publisher":"https:\/\/www.facebook.com\/humanstudyev\/","article_modified_time":"2025-09-09T17:06:43+00:00","twitter_card":"summary_large_image","schema":{"@context":"https:\/\/schema.org","@graph":[{"@type":"WebPage","@id":"https:\/\/www.human-study.org\/de\/unterstuetzen-sie-uns\/","url":"https:\/\/www.human-study.org\/de\/unterstuetzen-sie-uns\/","name":"UNTERST\u00dcTZEN - Human Study e.V.","isPartOf":{"@id":"https:\/\/www.human-study.org\/de\/#website"},"datePublished":"2024-04-11T15:33:04+00:00","dateModified":"2025-09-09T17:06:43+00:00","description":"Wie Sie Human Study durch eine Spende, eine ehrenamtliche T\u00e4tigkeit oder eine Partnerschaft mit uns \u00fcber das Sepp Heim Funding Program unterst\u00fctzen k\u00f6nnen.","breadcrumb":{"@id":"https:\/\/www.human-study.org\/de\/unterstuetzen-sie-uns\/#breadcrumb"},"inLanguage":"de","potentialAction":[{"@type":"ReadAction","target":["https:\/\/www.human-study.org\/de\/unterstuetzen-sie-uns\/"]}]},{"@type":"BreadcrumbList","@id":"https:\/\/www.human-study.org\/de\/unterstuetzen-sie-uns\/#breadcrumb","itemListElement":[{"@type":"ListItem","position":1,"name":"Startseite","item":"https:\/\/www.human-study.org\/de\/wissen-fuer-ein-besseres-leben\/"},{"@type":"ListItem","position":2,"name":"UNTERST\u00dcTZEN"}]},{"@type":"WebSite","@id":"https:\/\/www.human-study.org\/de\/#website","url":"https:\/\/www.human-study.org\/de\/","name":"Human Study e.V.","description":"WISSEN, DAS LEBEN VER\u00c4NDERT","publisher":{"@id":"https:\/\/www.human-study.org\/de\/#organization"},"alternateName":"HS","potentialAction":[{"@type":"SearchAction","target":{"@type":"EntryPoint","urlTemplate":"https:\/\/www.human-study.org\/de\/?s={search_term_string}"},"query-input":{"@type":"PropertyValueSpecification","valueRequired":true,"valueName":"search_term_string"}}],"inLanguage":"de"},{"@type":"Organization","@id":"https:\/\/www.human-study.org\/de\/#organization","name":"Human Study e.V.","alternateName":"HS","url":"https:\/\/www.human-study.org\/de\/","logo":{"@type":"ImageObject","inLanguage":"de","@id":"https:\/\/www.human-study.org\/de\/#\/schema\/logo\/image\/","url":"https:\/\/www.human-study.org\/wp-content\/uploads\/2024\/07\/HS-LOGO-RGB-300dpi-1-e1721379350427.jpg","contentUrl":"https:\/\/www.human-study.org\/wp-content\/uploads\/2024\/07\/HS-LOGO-RGB-300dpi-1-e1721379350427.jpg","width":1128,"height":549,"caption":"Human Study e.V."},"image":{"@id":"https:\/\/www.human-study.org\/de\/#\/schema\/logo\/image\/"},"sameAs":["https:\/\/www.facebook.com\/humanstudyev\/","https:\/\/www.youtube.com\/@Human-studyOrg"]}]}},"_links":{"self":[{"href":"https:\/\/www.human-study.org\/de\/wp-json\/wp\/v2\/pages\/17309","targetHints":{"allow":["GET"]}}],"collection":[{"href":"https:\/\/www.human-study.org\/de\/wp-json\/wp\/v2\/pages"}],"about":[{"href":"https:\/\/www.human-study.org\/de\/wp-json\/wp\/v2\/types\/page"}],"author":[{"embeddable":true,"href":"https:\/\/www.human-study.org\/de\/wp-json\/wp\/v2\/users\/2"}],"replies":[{"embeddable":true,"href":"https:\/\/www.human-study.org\/de\/wp-json\/wp\/v2\/comments?post=17309"}],"version-history":[{"count":2,"href":"https:\/\/www.human-study.org\/de\/wp-json\/wp\/v2\/pages\/17309\/revisions"}],"predecessor-version":[{"id":18900,"href":"https:\/\/www.human-study.org\/de\/wp-json\/wp\/v2\/pages\/17309\/revisions\/18900"}],"wp:attachment":[{"href":"https:\/\/www.human-study.org\/de\/wp-json\/wp\/v2\/media?parent=17309"}],"curies":[{"name":"wp","href":"https:\/\/api.w.org\/{rel}","templated":true}]}}